{"id":29,"date":"2024-07-30T16:08:39","date_gmt":"2024-07-30T16:08:39","guid":{"rendered":"http:\/\/china-energy.com\/?page_id=29"},"modified":"2025-12-16T12:58:14","modified_gmt":"2025-12-16T12:58:14","slug":"entre-em-contato-conosco","status":"publish","type":"page","link":"https:\/\/china-energy.com\/pt\/contact-us\/","title":{"rendered":"Entre em contato conosco"},"content":{"rendered":"\t\t<div data-elementor-type=\"wp-page\" data-elementor-id=\"29\" class=\"elementor elementor-29\" data-elementor-post-type=\"page\">\n\t\t\t\t<div class=\"elementor-element elementor-element-a090ca2 e-flex e-con-boxed e-con e-parent\" data-id=\"a090ca2\" data-element_type=\"container\" data-e-type=\"container\">\n\t\t\t\t\t<div class=\"e-con-inner\">\n\t\t<div class=\"elementor-element elementor-element-b78eb18 e-con-full e-flex e-con e-child\" data-id=\"b78eb18\" data-element_type=\"container\" data-e-type=\"container\">\n\t\t\t\t<div class=\"elementor-element elementor-element-d19ad98 elementor-widget elementor-widget-breadcrumbs\" data-id=\"d19ad98\" data-element_type=\"widget\" data-e-type=\"widget\" data-widget_type=\"breadcrumbs.default\">\n\t\t\t\t<div class=\"elementor-widget-container\">\n\t\t\t\t\t<p id=\"breadcrumbs\"><span><span><a href=\"https:\/\/china-energy.com\/\">Home<\/a><\/span><\/span><\/p>\t\t\t\t<\/div>\n\t\t\t\t<\/div>\n\t\t\t\t<div class=\"elementor-element elementor-element-eca98d1 elementor-widget elementor-widget-heading\" data-id=\"eca98d1\" data-element_type=\"widget\" data-e-type=\"widget\" data-widget_type=\"heading.default\">\n\t\t\t\t<div class=\"elementor-widget-container\">\n\t\t\t\t\t<h3 class=\"elementor-heading-title elementor-size-default\">GLOBAL SUPPORT<\/h3>\t\t\t\t<\/div>\n\t\t\t\t<\/div>\n\t\t\t\t<div class=\"elementor-element elementor-element-7ca98a8 elementor-widget__width-initial elementor-widget-laptop__width-initial elementor-widget elementor-widget-heading\" data-id=\"7ca98a8\" data-element_type=\"widget\" data-e-type=\"widget\" data-widget_type=\"heading.default\">\n\t\t\t\t<div class=\"elementor-widget-container\">\n\t\t\t\t\t<h1 class=\"elementor-heading-title elementor-size-default\">Let\u2019s Move Your Project Forward<\/h1>\t\t\t\t<\/div>\n\t\t\t\t<\/div>\n\t\t\t\t<\/div>\n\t\t<div class=\"elementor-element elementor-element-9d354a1 e-con-full e-flex e-con e-child\" data-id=\"9d354a1\" data-element_type=\"container\" data-e-type=\"container\">\n\t\t\t\t<div class=\"elementor-element elementor-element-e433800 elementor-widget__width-initial elementor-widget-mobile__width-initial elementor-widget elementor-widget-text-editor\" data-id=\"e433800\" data-element_type=\"widget\" data-e-type=\"widget\" data-widget_type=\"text-editor.default\">\n\t\t\t\t<div class=\"elementor-widget-container\">\n\t\t\t\t\t\t\t\t\t<p>Whether you need sourcing guidance, technical clarification, or end-to-end procurement support, our team is here to help. Tell us what you\u2019re working on, and we\u2019ll provide clear next steps and tailored solutions.<\/p>\t\t\t\t\t\t\t\t<\/div>\n\t\t\t\t<\/div>\n\t\t\t\t<\/div>\n\t\t\t\t\t<\/div>\n\t\t\t\t<\/div>\n\t\t<div class=\"elementor-element elementor-element-b077999 e-flex e-con-boxed e-con e-parent\" data-id=\"b077999\" data-element_type=\"container\" data-e-type=\"container\" data-settings=\"{&quot;background_background&quot;:&quot;classic&quot;}\">\n\t\t\t\t\t<div class=\"e-con-inner\">\n\t\t<div class=\"elementor-element elementor-element-52dce29 e-con-full e-flex e-con e-child\" data-id=\"52dce29\" data-element_type=\"container\" data-e-type=\"container\" data-settings=\"{&quot;background_background&quot;:&quot;classic&quot;}\">\n\t\t\t\t<div class=\"elementor-element elementor-element-44c0575 elementor-widget__width-initial elementor-widget-laptop__width-initial elementor-widget elementor-widget-heading\" data-id=\"44c0575\" data-element_type=\"widget\" data-e-type=\"widget\" data-widget_type=\"heading.default\">\n\t\t\t\t<div class=\"elementor-widget-container\">\n\t\t\t\t\t<h3 class=\"elementor-heading-title elementor-size-default\">Start Your Enquiry<\/h3>\t\t\t\t<\/div>\n\t\t\t\t<\/div>\n\t\t\t\t<div class=\"elementor-element elementor-element-2f091d1 elementor-widget__width-initial elementor-widget-mobile__width-initial elementor-widget elementor-widget-text-editor\" data-id=\"2f091d1\" data-element_type=\"widget\" data-e-type=\"widget\" data-widget_type=\"text-editor.default\">\n\t\t\t\t<div class=\"elementor-widget-container\">\n\t\t\t\t\t\t\t\t\t<p>Share your project details and our team will respond within 24 hours with guidance, requirements, and next steps.<\/p>\n<ul>\n<li>Technical specifications<\/li>\n<li>Bill of quantities<\/li>\n<li>Product requirements<\/li>\n<li>Logistics or compliance questions<\/li>\n<\/ul><div><br><\/div>\n<p>We support everything from single orders to full-scale procurement pipelines.<\/p>\t\t\t\t\t\t\t\t<\/div>\n\t\t\t\t<\/div>\n\t\t\t\t<\/div>\n\t\t<div class=\"elementor-element elementor-element-a228ce8 e-con-full e-flex e-con e-child\" data-id=\"a228ce8\" data-element_type=\"container\" data-e-type=\"container\" data-settings=\"{&quot;background_background&quot;:&quot;classic&quot;}\">\n\t\t\t\t<div class=\"elementor-element elementor-element-aefdbee elementor-widget__width-initial elementor-widget-mobile__width-initial elementor-button-align-end elementor-mobile-button-align-stretch elementor-widget elementor-widget-form\" data-id=\"aefdbee\" data-element_type=\"widget\" data-e-type=\"widget\" data-settings=\"{&quot;step_next_label&quot;:&quot;Next&quot;,&quot;step_previous_label&quot;:&quot;Previous&quot;,&quot;button_width&quot;:&quot;100&quot;,&quot;step_type&quot;:&quot;number_text&quot;,&quot;step_icon_shape&quot;:&quot;circle&quot;}\" data-widget_type=\"form.default\">\n\t\t\t\t<div class=\"elementor-widget-container\">\n\t\t\t\t\t\t\t<form class=\"elementor-form\" method=\"post\" name=\"Contact Us Form\" aria-label=\"Contact Us Form\">\n\t\t\t<input type=\"hidden\" name=\"post_id\" value=\"29\"\/>\n\t\t\t<input type=\"hidden\" name=\"form_id\" value=\"aefdbee\"\/>\n\t\t\t<input type=\"hidden\" name=\"referer_title\" value=\"Contact China Energy | Renewable &amp; Industrial Equipment Supplier\" \/>\n\n\t\t\t\t\t\t\t<input type=\"hidden\" name=\"queried_id\" value=\"29\"\/>\n\t\t\t\n\t\t\t<div class=\"elementor-form-fields-wrapper elementor-labels-above\">\n\t\t\t\t\t\t\t\t<div class=\"elementor-field-type-text elementor-field-group elementor-column elementor-field-group-name elementor-col-50\">\n\t\t\t\t\t\t\t\t\t\t\t\t<label for=\"form-field-name\" class=\"elementor-field-label\">\n\t\t\t\t\t\t\t\tName\t\t\t\t\t\t\t<\/label>\n\t\t\t\t\t\t\t\t\t\t\t\t\t\t<input size=\"1\" type=\"text\" name=\"form_fields[name]\" id=\"form-field-name\" class=\"elementor-field elementor-size-sm  elementor-field-textual\" placeholder=\"Name\">\n\t\t\t\t\t\t\t\t\t\t\t<\/div>\n\t\t\t\t\t\t\t\t<div class=\"elementor-field-type-email elementor-field-group elementor-column elementor-field-group-email elementor-col-50 elementor-field-required\">\n\t\t\t\t\t\t\t\t\t\t\t\t<label for=\"form-field-email\" class=\"elementor-field-label\">\n\t\t\t\t\t\t\t\tEmail\t\t\t\t\t\t\t<\/label>\n\t\t\t\t\t\t\t\t\t\t\t\t\t\t<input size=\"1\" type=\"email\" name=\"form_fields[email]\" id=\"form-field-email\" class=\"elementor-field elementor-size-sm  elementor-field-textual\" placeholder=\"Email\" required=\"required\">\n\t\t\t\t\t\t\t\t\t\t\t<\/div>\n\t\t\t\t\t\t\t\t<div class=\"elementor-field-type-tel elementor-field-group elementor-column elementor-field-group-field_0f5ee21 elementor-col-50\">\n\t\t\t\t\t\t\t\t\t\t\t\t<label for=\"form-field-field_0f5ee21\" class=\"elementor-field-label\">\n\t\t\t\t\t\t\t\tContact Number\t\t\t\t\t\t\t<\/label>\n\t\t\t\t\t\t\t\t<input size=\"1\" type=\"tel\" name=\"form_fields[field_0f5ee21]\" id=\"form-field-field_0f5ee21\" class=\"elementor-field elementor-size-sm  elementor-field-textual\" placeholder=\"Include Area Code\" pattern=\"[0-9()#&amp;+*-=.]+\" title=\"\u53ea\u63a5\u53d7\u6570\u5b57\u548c\u7535\u8bdd\u5b57\u7b26\uff08#\u3001-\u3001* \u7b49\uff09\u3002\">\n\n\t\t\t\t\t\t<\/div>\n\t\t\t\t\t\t\t\t<div class=\"elementor-field-type-select elementor-field-group elementor-column elementor-field-group-field_117ed6f elementor-col-50\">\n\t\t\t\t\t\t\t\t\t\t\t\t<label for=\"form-field-field_117ed6f\" class=\"elementor-field-label\">\n\t\t\t\t\t\t\t\tWhere are you based?\t\t\t\t\t\t\t<\/label>\n\t\t\t\t\t\t\t\t<div class=\"elementor-field elementor-select-wrapper remove-before \">\n\t\t\t<div class=\"select-caret-down-wrapper\">\n\t\t\t\t<i aria-hidden=\"true\" class=\"eicon-caret-down\"><\/i>\t\t\t<\/div>\n\t\t\t<select name=\"form_fields[field_117ed6f]\" id=\"form-field-field_117ed6f\" class=\"elementor-field-textual elementor-size-sm\">\n\t\t\t\t\t\t\t\t\t<option value=\"Where are you based?\">Where are you based?<\/option>\n\t\t\t\t\t\t\t\t\t<option value=\"Europe (EU)\">Europe (EU)<\/option>\n\t\t\t\t\t\t\t\t\t<option value=\"United States (USA)\">United States (USA)<\/option>\n\t\t\t\t\t\t\t\t\t<option value=\"Canada\">Canada<\/option>\n\t\t\t\t\t\t\t\t\t<option value=\"South America\">South America<\/option>\n\t\t\t\t\t\t\t\t\t<option value=\"Asia\">Asia<\/option>\n\t\t\t\t\t\t\t\t\t<option value=\"Middle East\">Middle East<\/option>\n\t\t\t\t\t\t\t\t\t<option value=\"Africa\">Africa<\/option>\n\t\t\t\t\t\t\t\t\t<option value=\"Australia\">Australia<\/option>\n\t\t\t\t\t\t\t\t\t<option value=\"New Zealand\">New Zealand<\/option>\n\t\t\t\t\t\t\t<\/select>\n\t\t<\/div>\n\t\t\t\t\t\t<\/div>\n\t\t\t\t\t\t\t\t<div class=\"elementor-field-type-select elementor-field-group elementor-column elementor-field-group-field_b827e74 elementor-col-100\">\n\t\t\t\t\t\t\t\t\t\t\t\t<label for=\"form-field-field_b827e74\" class=\"elementor-field-label\">\n\t\t\t\t\t\t\t\tWhat would you like to talk about?\t\t\t\t\t\t\t<\/label>\n\t\t\t\t\t\t\t\t<div class=\"elementor-field elementor-select-wrapper remove-before \">\n\t\t\t<div class=\"select-caret-down-wrapper\">\n\t\t\t\t<i aria-hidden=\"true\" class=\"eicon-caret-down\"><\/i>\t\t\t<\/div>\n\t\t\t<select name=\"form_fields[field_b827e74]\" id=\"form-field-field_b827e74\" class=\"elementor-field-textual elementor-size-sm\">\n\t\t\t\t\t\t\t\t\t<option value=\"Please Select\">Please Select<\/option>\n\t\t\t\t\t\t\t\t\t<option value=\"Renewable Energy\">Renewable Energy<\/option>\n\t\t\t\t\t\t\t\t\t<option value=\"Plant &amp; Machinery\">Plant &amp; Machinery<\/option>\n\t\t\t\t\t\t\t\t\t<option value=\"Industrial Equipment\">Industrial Equipment<\/option>\n\t\t\t\t\t\t\t\t\t<option value=\"General Procurement\">General Procurement<\/option>\n\t\t\t\t\t\t\t<\/select>\n\t\t<\/div>\n\t\t\t\t\t\t<\/div>\n\t\t\t\t\t\t\t\t<div class=\"elementor-field-type-textarea elementor-field-group elementor-column elementor-field-group-message elementor-col-100\">\n\t\t\t\t\t\t\t\t\t\t\t\t<label for=\"form-field-message\" class=\"elementor-field-label\">\n\t\t\t\t\t\t\t\tMessage\t\t\t\t\t\t\t<\/label>\n\t\t\t\t\t\t<textarea class=\"elementor-field-textual elementor-field  elementor-size-sm\" name=\"form_fields[message]\" id=\"form-field-message\" rows=\"5\" placeholder=\"Tell us about your project scope, required specifications, and timeline.\"><\/textarea>\t\t\t\t<\/div>\n\t\t\t\t\t\t\t\t<div class=\"elementor-field-type-recaptcha_v3 elementor-field-group elementor-column elementor-field-group-field_a76be62 elementor-col-100 recaptcha_v3-bottomright\">\n\t\t\t\t\t<div class=\"elementor-field\" id=\"form-field-field_a76be62\"><div class=\"elementor-g-recaptcha\" data-sitekey=\"6Lc5diIqAAAAANfuXZJOXGTcEyrdbkSVdPiO7sko\" data-type=\"v3\" data-action=\"Form\" data-badge=\"bottomright\" data-size=\"invisible\"><\/div><\/div>\t\t\t\t<\/div>\n\t\t\t\t\t\t\t\t<div class=\"elementor-field-group elementor-column elementor-field-type-submit elementor-col-100 e-form__buttons\">\n\t\t\t\t\t<button class=\"elementor-button elementor-size-sm\" type=\"submit\">\n\t\t\t\t\t\t<span class=\"elementor-button-content-wrapper\">\n\t\t\t\t\t\t\t\t\t\t\t\t\t\t\t<span class=\"elementor-button-icon\">\n\t\t\t\t\t\t\t\t\t<i aria-hidden=\"true\" class=\"fas fa-location-arrow\"><\/i>\t\t\t\t\t\t\t\t\t\t\t\t\t\t\t\t\t<\/span>\n\t\t\t\t\t\t\t\t\t\t\t\t\t\t\t\t\t\t\t\t\t\t<span class=\"elementor-button-text\">Submit Your Query<\/span>\n\t\t\t\t\t\t\t\t\t\t\t\t\t<\/span>\n\t\t\t\t\t<\/button>\n\t\t\t\t<\/div>\n\t\t\t<\/div>\n\t\t<\/form>\n\t\t\t\t\t\t<\/div>\n\t\t\t\t<\/div>\n\t\t\t\t<\/div>\n\t\t\t\t\t<\/div>\n\t\t\t\t<\/div>\n\t\t\t\t<\/div>\n\t\t","protected":false},"excerpt":{"rendered":"<p>GLOBAL SUPPORT Let\u2019s Move Your Project Forward Whether you need sourcing guidance, technical clarification, or end-to-end procurement support, our team is here to help. Tell us what you\u2019re working on, and we\u2019ll provide clear next steps and tailored solutions. Start Your Enquiry Share your project details and our team will respond within 24 hours with [&hellip;]<\/p>\n","protected":false},"author":1,"featured_media":1144,"parent":0,"menu_order":0,"comment_status":"closed","ping_status":"closed","template":"elementor_header_footer","meta":{"_acf_changed":false,"footnotes":""},"class_list":["post-29","page","type-page","status-publish","has-post-thumbnail","hentry"],"acf":[],"yoast_head":"<!-- This site is optimized with the Yoast SEO plugin v27.4 - https:\/\/yoast.com\/product\/yoast-seo-wordpress\/ -->\n<title>Contact China Energy | Renewable &amp; Industrial Equipment Supplier<\/title>\n<meta name=\"description\" content=\"Contact China Energy for enquiries about renewable energy solutions, plant and machinery, and industrial equipment supply.\" \/>\n<meta name=\"robots\" content=\"index, follow, max-snippet:-1, max-image-preview:large, max-video-preview:-1\" \/>\n<link rel=\"canonical\" href=\"https:\/\/china-energy.com\/pt\/entre-em-contato-conosco\/\" \/>\n<meta property=\"og:locale\" content=\"pt_BR\" \/>\n<meta property=\"og:type\" content=\"article\" \/>\n<meta property=\"og:title\" content=\"Contact China Energy | Renewable &amp; Industrial Equipment Supplier\" \/>\n<meta property=\"og:description\" content=\"Contact China Energy for enquiries about renewable energy solutions, plant and machinery, and industrial equipment supply.\" \/>\n<meta property=\"og:url\" content=\"https:\/\/china-energy.com\/pt\/entre-em-contato-conosco\/\" \/>\n<meta property=\"og:site_name\" content=\"China Energy | Renewable Energy &amp; Industrial Equipment Supplier\" \/>\n<meta property=\"article:modified_time\" content=\"2025-12-16T12:58:14+00:00\" \/>\n<meta property=\"og:image\" content=\"https:\/\/china-energy.com\/wp-content\/uploads\/2025\/12\/ev-infrastructure-china-energy.png\" \/>\n\t<meta property=\"og:image:width\" content=\"500\" \/>\n\t<meta property=\"og:image:height\" content=\"500\" \/>\n\t<meta property=\"og:image:type\" content=\"image\/png\" \/>\n<meta name=\"twitter:card\" content=\"summary_large_image\" \/>\n<meta name=\"twitter:label1\" content=\"Est. tempo de leitura\" \/>\n\t<meta name=\"twitter:data1\" content=\"1 minuto\" \/>\n<script type=\"application\/ld+json\" class=\"yoast-schema-graph\">{\"@context\":\"https:\\\/\\\/schema.org\",\"@graph\":[{\"@type\":\"WebPage\",\"@id\":\"https:\\\/\\\/china-energy.com\\\/pt\\\/entre-em-contato-conosco\\\/\",\"url\":\"https:\\\/\\\/china-energy.com\\\/pt\\\/entre-em-contato-conosco\\\/\",\"name\":\"Contact China Energy | Renewable & Industrial Equipment Supplier\",\"isPartOf\":{\"@id\":\"https:\\\/\\\/china-energy.com\\\/#website\"},\"primaryImageOfPage\":{\"@id\":\"https:\\\/\\\/china-energy.com\\\/pt\\\/entre-em-contato-conosco\\\/#primaryimage\"},\"image\":{\"@id\":\"https:\\\/\\\/china-energy.com\\\/pt\\\/entre-em-contato-conosco\\\/#primaryimage\"},\"thumbnailUrl\":\"https:\\\/\\\/china-energy.com\\\/wp-content\\\/uploads\\\/2025\\\/12\\\/ev-infrastructure-china-energy.png\",\"datePublished\":\"2024-07-30T16:08:39+00:00\",\"dateModified\":\"2025-12-16T12:58:14+00:00\",\"description\":\"Contact China Energy for enquiries about renewable energy solutions, plant and machinery, and industrial equipment supply.\",\"breadcrumb\":{\"@id\":\"https:\\\/\\\/china-energy.com\\\/pt\\\/entre-em-contato-conosco\\\/#breadcrumb\"},\"inLanguage\":\"pt-BR\",\"potentialAction\":[{\"@type\":\"ReadAction\",\"target\":[\"https:\\\/\\\/china-energy.com\\\/pt\\\/entre-em-contato-conosco\\\/\"]}]},{\"@type\":\"ImageObject\",\"inLanguage\":\"pt-BR\",\"@id\":\"https:\\\/\\\/china-energy.com\\\/pt\\\/entre-em-contato-conosco\\\/#primaryimage\",\"url\":\"https:\\\/\\\/china-energy.com\\\/wp-content\\\/uploads\\\/2025\\\/12\\\/ev-infrastructure-china-energy.png\",\"contentUrl\":\"https:\\\/\\\/china-energy.com\\\/wp-content\\\/uploads\\\/2025\\\/12\\\/ev-infrastructure-china-energy.png\",\"width\":500,\"height\":500},{\"@type\":\"BreadcrumbList\",\"@id\":\"https:\\\/\\\/china-energy.com\\\/pt\\\/entre-em-contato-conosco\\\/#breadcrumb\",\"itemListElement\":[{\"@type\":\"ListItem\",\"position\":1,\"name\":\"Home\",\"item\":\"https:\\\/\\\/china-energy.com\\\/\"},{\"@type\":\"ListItem\",\"position\":2,\"name\":\"Contact Us\"}]},{\"@type\":\"WebSite\",\"@id\":\"https:\\\/\\\/china-energy.com\\\/#website\",\"url\":\"https:\\\/\\\/china-energy.com\\\/\",\"name\":\"China Energy | Renewable Energy &amp; Industrial Equipment Supplier\",\"description\":\"\",\"publisher\":{\"@id\":\"https:\\\/\\\/china-energy.com\\\/#organization\"},\"potentialAction\":[{\"@type\":\"SearchAction\",\"target\":{\"@type\":\"EntryPoint\",\"urlTemplate\":\"https:\\\/\\\/china-energy.com\\\/?s={search_term_string}\"},\"query-input\":{\"@type\":\"PropertyValueSpecification\",\"valueRequired\":true,\"valueName\":\"search_term_string\"}}],\"inLanguage\":\"pt-BR\"},{\"@type\":\"Organization\",\"@id\":\"https:\\\/\\\/china-energy.com\\\/#organization\",\"name\":\"China Energy | Renewable Energy &amp; Industrial Equipment Supplier\",\"url\":\"https:\\\/\\\/china-energy.com\\\/\",\"logo\":{\"@type\":\"ImageObject\",\"inLanguage\":\"pt-BR\",\"@id\":\"https:\\\/\\\/china-energy.com\\\/#\\\/schema\\\/logo\\\/image\\\/\",\"url\":\"https:\\\/\\\/china-energy.com\\\/wp-content\\\/uploads\\\/2024\\\/07\\\/china-energy-logo-24.png\",\"contentUrl\":\"https:\\\/\\\/china-energy.com\\\/wp-content\\\/uploads\\\/2024\\\/07\\\/china-energy-logo-24.png\",\"width\":500,\"height\":174,\"caption\":\"China Energy | Renewable Energy &amp; Industrial Equipment Supplier\"},\"image\":{\"@id\":\"https:\\\/\\\/china-energy.com\\\/#\\\/schema\\\/logo\\\/image\\\/\"}}]}<\/script>\n<!-- \/ Yoast SEO plugin. -->","yoast_head_json":{"title":"Entre em contato com o fornecedor de equipamentos industriais e de energia renov\u00e1vel da China","description":"Entre em contato com a China Energy para obter informa\u00e7\u00f5es sobre solu\u00e7\u00f5es de energia renov\u00e1vel, instala\u00e7\u00f5es e maquin\u00e1rio e fornecimento de equipamentos industriais.","robots":{"index":"index","follow":"follow","max-snippet":"max-snippet:-1","max-image-preview":"max-image-preview:large","max-video-preview":"max-video-preview:-1"},"canonical":"https:\/\/china-energy.com\/pt\/entre-em-contato-conosco\/","og_locale":"pt_BR","og_type":"article","og_title":"Contact China Energy | Renewable & Industrial Equipment Supplier","og_description":"Contact China Energy for enquiries about renewable energy solutions, plant and machinery, and industrial equipment supply.","og_url":"https:\/\/china-energy.com\/pt\/entre-em-contato-conosco\/","og_site_name":"China Energy | Renewable Energy &amp; Industrial Equipment Supplier","article_modified_time":"2025-12-16T12:58:14+00:00","og_image":[{"width":500,"height":500,"url":"https:\/\/china-energy.com\/wp-content\/uploads\/2025\/12\/ev-infrastructure-china-energy.png","type":"image\/png"}],"twitter_card":"summary_large_image","twitter_misc":{"Est. tempo de leitura":"1 minuto"},"schema":{"@context":"https:\/\/schema.org","@graph":[{"@type":"WebPage","@id":"https:\/\/china-energy.com\/pt\/entre-em-contato-conosco\/","url":"https:\/\/china-energy.com\/pt\/entre-em-contato-conosco\/","name":"Entre em contato com o fornecedor de equipamentos industriais e de energia renov\u00e1vel da China","isPartOf":{"@id":"https:\/\/china-energy.com\/#website"},"primaryImageOfPage":{"@id":"https:\/\/china-energy.com\/pt\/entre-em-contato-conosco\/#primaryimage"},"image":{"@id":"https:\/\/china-energy.com\/pt\/entre-em-contato-conosco\/#primaryimage"},"thumbnailUrl":"https:\/\/china-energy.com\/wp-content\/uploads\/2025\/12\/ev-infrastructure-china-energy.png","datePublished":"2024-07-30T16:08:39+00:00","dateModified":"2025-12-16T12:58:14+00:00","description":"Entre em contato com a China Energy para obter informa\u00e7\u00f5es sobre solu\u00e7\u00f5es de energia renov\u00e1vel, instala\u00e7\u00f5es e maquin\u00e1rio e fornecimento de equipamentos industriais.","breadcrumb":{"@id":"https:\/\/china-energy.com\/pt\/entre-em-contato-conosco\/#breadcrumb"},"inLanguage":"pt-BR","potentialAction":[{"@type":"ReadAction","target":["https:\/\/china-energy.com\/pt\/entre-em-contato-conosco\/"]}]},{"@type":"ImageObject","inLanguage":"pt-BR","@id":"https:\/\/china-energy.com\/pt\/entre-em-contato-conosco\/#primaryimage","url":"https:\/\/china-energy.com\/wp-content\/uploads\/2025\/12\/ev-infrastructure-china-energy.png","contentUrl":"https:\/\/china-energy.com\/wp-content\/uploads\/2025\/12\/ev-infrastructure-china-energy.png","width":500,"height":500},{"@type":"BreadcrumbList","@id":"https:\/\/china-energy.com\/pt\/entre-em-contato-conosco\/#breadcrumb","itemListElement":[{"@type":"ListItem","position":1,"name":"Home","item":"https:\/\/china-energy.com\/"},{"@type":"ListItem","position":2,"name":"Contact Us"}]},{"@type":"WebSite","@id":"https:\/\/china-energy.com\/#website","url":"https:\/\/china-energy.com\/","name":"Fornecedor de energia, energia renov\u00e1vel e equipamentos industriais na China","description":"","publisher":{"@id":"https:\/\/china-energy.com\/#organization"},"potentialAction":[{"@type":"SearchAction","target":{"@type":"EntryPoint","urlTemplate":"https:\/\/china-energy.com\/?s={search_term_string}"},"query-input":{"@type":"PropertyValueSpecification","valueRequired":true,"valueName":"search_term_string"}}],"inLanguage":"pt-BR"},{"@type":"Organization","@id":"https:\/\/china-energy.com\/#organization","name":"Fornecedor de energia, energia renov\u00e1vel e equipamentos industriais na China","url":"https:\/\/china-energy.com\/","logo":{"@type":"ImageObject","inLanguage":"pt-BR","@id":"https:\/\/china-energy.com\/#\/schema\/logo\/image\/","url":"https:\/\/china-energy.com\/wp-content\/uploads\/2024\/07\/china-energy-logo-24.png","contentUrl":"https:\/\/china-energy.com\/wp-content\/uploads\/2024\/07\/china-energy-logo-24.png","width":500,"height":174,"caption":"China Energy | Renewable Energy &amp; Industrial Equipment Supplier"},"image":{"@id":"https:\/\/china-energy.com\/#\/schema\/logo\/image\/"}}]}},"_links":{"self":[{"href":"https:\/\/china-energy.com\/pt\/wp-json\/wp\/v2\/pages\/29","targetHints":{"allow":["GET"]}}],"collection":[{"href":"https:\/\/china-energy.com\/pt\/wp-json\/wp\/v2\/pages"}],"about":[{"href":"https:\/\/china-energy.com\/pt\/wp-json\/wp\/v2\/types\/page"}],"author":[{"embeddable":true,"href":"https:\/\/china-energy.com\/pt\/wp-json\/wp\/v2\/users\/1"}],"replies":[{"embeddable":true,"href":"https:\/\/china-energy.com\/pt\/wp-json\/wp\/v2\/comments?post=29"}],"version-history":[{"count":0,"href":"https:\/\/china-energy.com\/pt\/wp-json\/wp\/v2\/pages\/29\/revisions"}],"wp:featuredmedia":[{"embeddable":true,"href":"https:\/\/china-energy.com\/pt\/wp-json\/wp\/v2\/media\/1144"}],"wp:attachment":[{"href":"https:\/\/china-energy.com\/pt\/wp-json\/wp\/v2\/media?parent=29"}],"curies":[{"name":"wp","href":"https:\/\/api.w.org\/{rel}","templated":true}]}}